{"id":14093,"date":"2023-01-30T22:26:49","date_gmt":"2023-01-31T01:26:49","guid":{"rendered":"https:\/\/www.miltonmarchioli.com.br\/blog\/?page_id=14093"},"modified":"2026-03-31T20:21:36","modified_gmt":"2026-03-31T23:21:36","slug":"politica-de-privacidade","status":"publish","type":"page","link":"https:\/\/miltonmarchioli.com.br\/blog\/politica-de-privacidade\/","title":{"rendered":"POL\u00cdTICA DE PRIVACIDADE"},"content":{"rendered":"<h2 class=\"wp-block-heading\">Quem somos<\/h2>\r\n<p><!-- \/wp:post-content -->\r\n\r\n<!-- wp:paragraph --><\/p>\r\n<p>O endere\u00e7o do nosso blog \u00e9: https:\/\/miltonmarchioli.com.br<\/p>\r\n<p><!-- \/wp:paragraph -->\r\n\r\n<!-- wp:heading --><\/p>\r\n<h2 class=\"wp-block-heading\">Coment\u00e1rios<\/h2>\r\n<p><!-- \/wp:heading -->\r\n\r\n<!-- wp:paragraph --><\/p>\r\n<p>Quando os visitantes deixam coment\u00e1rios no site, coletamos os dados mostrados no formul\u00e1rio de coment\u00e1rios, al\u00e9m do endere\u00e7o de IP e de dados do navegador do visitante, para auxiliar na detec\u00e7\u00e3o de spam.<\/p>\r\n<p><!-- \/wp:paragraph -->\r\n\r\n<!-- wp:paragraph --><\/p>\r\n<p>Depois da aprova\u00e7\u00e3o do seu coment\u00e1rio, a foto do seu perfil fica vis\u00edvel publicamente junto de seu coment\u00e1rio.<\/p>\r\n<p><!-- \/wp:paragraph -->\r\n\r\n<!-- wp:heading --><\/p>\r\n<h2 class=\"wp-block-heading\">Condi\u00e7\u00f5es para comentar no blog<\/h2>\r\n<p><!-- \/wp:heading -->\r\n\r\n<!-- wp:paragraph --><\/p>\r\n<p>\u2013 A se\u00e7\u00e3o de coment\u00e1rios do blog miltonmarchioli.com.br tem como objetivo promover o debate acerca dos assuntos tratados em cada post;<br \/>\u2013 O conte\u00fado de cada coment\u00e1rio \u00e9 de \u00fanica e exclusiva responsabilidade civil e penal do cadastrado;<br \/>\u2013 O blog\u00a0 miltonmarchioli.com.br n\u00e3o tem obriga\u00e7\u00e3o de publicar todos os coment\u00e1rios escritos pelos internautas;<br \/>\u2013 Ser\u00e3o exclu\u00eddos sumariamente coment\u00e1rios que contenham palavr\u00f5es, ofensas pessoais, palavras cortadas por caracteres ou escritos em outra l\u00edngua que n\u00e3o o portugu\u00eas e totalmente em mai\u00fascula.\u00a0<\/p>\r\n<h2><strong>Os\u00a0 coment\u00e1rios n\u00e3o devem conter em seu conte\u00fado os seguintes itens:<\/strong><\/h2>\r\n<p>&#8211; Divulga\u00e7\u00e3o de links e contas de redes sociais;<br \/>&#8211; Banners publicit\u00e1rios;<br \/>&#8211; Sites que fa\u00e7am vendas on-line;<br \/>&#8211; Material pornogr\u00e1fico ou racista;<br \/>&#8211; Incita\u00e7\u00e3o ao crime;<br \/>&#8211; Material pornogr\u00e1fico ou atividades ilegais incluindo menores de 18 anos (segundo o artigo 241 do Estatuto da Crian\u00e7a e do Adolescente);<br \/>&#8211; Propaganda pol\u00edtica para candidatos, partidos ou coliga\u00e7\u00f5es, bem como propaganda a respeito de seus \u00f3rg\u00e3os ou representantes;<br \/>&#8211; P\u00e1ginas e arquivos criptografados ou protegidos por senhas;<br \/>&#8211; Programas e arquivos que contenham v\u00edrus ou qualquer outro c\u00f3<\/p>\r\n<h2><strong>Ser\u00e3o vetados coment\u00e1rios que:\u00a0<\/strong><\/h2>\r\n<p>&#8211; Ofere\u00e7am qualquer tipo de produto \u00e0 venda, an\u00fancios e patroc\u00ednios e inserir banners de qualquer tipo;<br \/>&#8211; Utilizem-se do servi\u00e7o, desvirtuando sua finalidade, com o intuito de cometer qualquer atividade il\u00edcita;<br \/>&#8211; Participem de atividades de concursos, pir\u00e2mides, correntes, lixo eletr\u00f4nico, spam ou quaisquer mensagens peri\u00f3dicas ou n\u00e3o-solicitadas (comerciais ou n\u00e3o);<br \/>&#8211; Publiquem, postem, carreguem, distribuam ou divulguem quaisquer t\u00f3picos, nomes, materiais ou informa\u00e7\u00f5es que incentivem a discrimina\u00e7\u00e3o, \u00f3dio ou viol\u00eancia com rela\u00e7\u00e3o a uma pessoa ou a um grupo de pessoas devido \u00e0 sua ra\u00e7a, religi\u00e3o ou nacionalidade;<br \/>&#8211; Os autores dos coment\u00e1rios n\u00e3o devem publicar material protegido por direitos autorais nem publicar fotos ou textos sem autoriza\u00e7\u00e3o do autor ou de seu representante legal. N\u00e3o devem tamb\u00e9m publicar fotos sem autoriza\u00e7\u00e3o dos fotografados e n\u00e3o devem distribuir arquivos de som sem autoriza\u00e7\u00e3o de pessoas ou empresas respons\u00e1veis;<br \/>&#8211; O usu\u00e1rio tem ci\u00eancia e concorda expressamente com a prerrogativa do blog miltonmarchioli.com.br de, a seu exclusivo crit\u00e9rio e independentemente de qualquer notifica\u00e7\u00e3o pr\u00e9via, restringir quaisquer conte\u00fados que violem ou que possam ser interpretados como violadores \u00e0s disposi\u00e7\u00f5es do presente instrumento, de direitos de terceiros ou \u00e0s normas morais, aos bons costumes e ao Marco Civil da Internet e LGPD;<br \/>&#8211; No caso de utiliza\u00e7\u00e3o indevida das informa\u00e7\u00f5es constantes nas p\u00e1ginas do blog miltonmarchioli.com.br ou dos coment\u00e1rios, o autor do coment\u00e1rio assumir\u00e1 todas as responsabilidades de car\u00e1ter civil e\/ou criminal.<br \/>&#8211; A qualquer tempo e de maneira unilateral, o blog miltonmarchioli.com.br poder\u00e1 cancelar a se\u00e7\u00e3o de coment\u00e1rios sem necessidade de nenhum aviso pr\u00e9vio aos internautas autores de coment\u00e1rios e\/ou a terceiros referidos nos coment\u00e1rios.<\/p>\r\n<h2 class=\"wp-block-heading\">M\u00eddia<\/h2>\r\n<p>Se voc\u00ea envia imagens para o blog, evite enviar as que contenham dados de localiza\u00e7\u00e3o incorporados (EXIF GPS). Visitantes podem baixar estas imagens do blog\u00a0 e extrair delas seus dados de localiza\u00e7\u00e3o.<\/p>\r\n<h2 class=\"wp-block-heading\">M\u00eddia incorporada de outros sites<\/h2>\r\n<p>Artigos neste blog podem incluir conte\u00fado incorporado como, por exemplo, v\u00eddeos, imagens, artigos, etc. Conte\u00fados incorporados de outros sites e ou blog\u00a0 se comportam exatamente da mesma forma como se o visitante estivesse visitando o outro site ou blog.<\/p>\r\n<p>Estes sites e ou blogs de terceiros podem coletar dados sobre voc\u00ea,\u00a0 incorporar rastreamento adicional de terceiros e monitorar sua intera\u00e7\u00e3o com este conte\u00fado incorporado, incluindo sua intera\u00e7\u00e3o com o conte\u00fado incorporado.<\/p>\r\n<h2 class=\"wp-block-heading\">Por quanto tempo mantemos os seus dados<\/h2>\r\n<p>Se voc\u00ea deixar um coment\u00e1rio o mesmo \u00e9 conservado ap\u00f3s\u00a0 aprova\u00e7\u00e3o\u00a0 do coment\u00e1rio observando as regras de publica\u00e7\u00e3o como condi\u00e7\u00f5es para comentar no blog.<\/p>\r\n<h3>Quais os seus direitos sobre seus dados<\/h3>\r\n<p>Se voc\u00ea se tiver deixado coment\u00e1rios, pode solicitar um arquivo exportado dos dados pessoais que mantemos sobre voc\u00ea, inclusive quaisquer dados que nos tenha fornecido. Tamb\u00e9m pode solicitar que removamos qualquer dado pessoal deixados nos coment\u00e1rios\u00a0 que mantemos sobre voc\u00ea. Isto n\u00e3o inclui dados que somos obrigados a manter para prop\u00f3sitos administrativos, legais ou de seguran\u00e7a.<\/p>\r\n<h2 style=\"margin-top: 0cm;\"><strong><span style=\"font-size: 13.5pt; font-family: 'Segoe UI',sans-serif; color: #4d4d4d; letter-spacing: -.15pt;\">Autoridades Governamentais e outras Partes:<\/span><\/strong><span style=\"font-size: 13.5pt; font-family: 'Segoe UI',sans-serif; color: #4d4d4d; letter-spacing: -.15pt;\">\u00a0\u00e0s vezes, podemos ser obrigados judicialmente a liberar ou divulgar os seus dados \u00e0s autoridades governamentais, ou outras partes, conforme exigido por lei. Ou por outros motivos, como:<\/span><\/h2>\r\n<p>(i) Cumprir uma obriga\u00e7\u00e3o legal;<\/p>\r\n<p>(ii) Proteger os direitos, a propriedade ou a seguran\u00e7a da P\u00e1gina;<\/p>\r\n<p>(iii) Evitar um dano real ou potencial aos bens, ou \u00e0 seguran\u00e7a das pessoas;<\/p>\r\n<p>(iv) De outra forma, conforme permitido por lei.<\/p>\r\n<p><!-- \/wp:paragraph -->\r\n\r\n<!-- wp:heading --><\/p>\r\n<h2 class=\"wp-block-heading\">Para onde seus dados s\u00e3o enviados<\/h2>\r\n<p>Coment\u00e1rios de visitantes podem ser marcados por um servi\u00e7o autom\u00e1tico de detec\u00e7\u00e3o de spam.<\/p>\r\n<p>Dados pessoais podem ser enviados \u00e0 ANPD se houver solicita\u00e7\u00e3o pela mesma em cumprimento da LGPD.<\/p>\r\n<h2 class=\"wp-block-heading\">Cookies<\/h2>\r\n<p><!-- \/wp:heading -->\r\n\r\n<!-- wp:paragraph --><\/p>\r\n<p>Ao deixar um coment\u00e1rio no site, voc\u00ea poder\u00e1 optar por salvar seu nome, e-mail e site nos cookies. Isso visa seu conforto, assim voc\u00ea n\u00e3o precisar\u00e1 preencher seus dados novamente quando fizer outro coment\u00e1rio. Estes cookies duram um ano.<\/p>\r\n<p><!-- \/wp:paragraph -->\r\n\r\n<!-- wp:paragraph --><\/p>\r\n<p>Se voc\u00ea tem uma conta e acessa este site, um cookie tempor\u00e1rio ser\u00e1 criado para determinar se seu navegador aceita cookies. Ele n\u00e3o cont\u00e9m nenhum dado pessoal e ser\u00e1 descartado quando voc\u00ea fechar seu navegador.<\/p>\r\n<p><!-- \/wp:paragraph -->\r\n\r\n<!-- wp:paragraph --><\/p>\r\n<p>Quando voc\u00ea acessa sua conta no site, tamb\u00e9m criamos v\u00e1rios cookies para salvar os dados da sua conta e suas escolhas de exibi\u00e7\u00e3o de tela. Cookies de login s\u00e3o mantidos por dois dias e cookies de op\u00e7\u00f5es de tela por um ano. Se voc\u00ea selecionar &#8220;Lembrar-me&#8221;, seu acesso ser\u00e1 mantido por duas semanas. Se voc\u00ea se desconectar da sua conta, os cookies de login ser\u00e3o removidos.<\/p>\r\n<p><!-- \/wp:paragraph -->\r\n\r\n<!-- wp:paragraph --><\/p>\r\n<p>Se voc\u00ea editar ou publicar um artigo, um cookie adicional ser\u00e1 salvo no seu navegador. Este cookie n\u00e3o inclui nenhum dado pessoal e simplesmente indica o ID do post referente ao artigo que voc\u00ea acabou de editar. Ele expira depois de 1 dia.<\/p>\r\n<p><!-- \/wp:paragraph -->\r\n\r\n<!-- wp:heading \/-->\r\n\r\n<!-- wp:heading --><\/p>\r\n<h2 class=\"wp-block-heading\">Com quem compartilhamos seus dados<\/h2>\r\n<p><!-- \/wp:heading -->\r\n\r\n<!-- wp:paragraph --><\/p>\r\n<p>Se voc\u00ea solicitar uma redefini\u00e7\u00e3o de senha, seu endere\u00e7o de IP ser\u00e1 inclu\u00eddo no e-mail de redefini\u00e7\u00e3o de senha.<\/p>\r\n<p><!-- \/wp:paragraph -->\r\n\r\n<!-- wp:heading --><\/p>\r\n<h2 class=\"wp-block-heading\">Por quanto tempo mantemos os seus dados<\/h2>\r\n<p><!-- \/wp:heading -->\r\n\r\n<!-- wp:paragraph --><\/p>\r\n<p>Se voc\u00ea deixar um coment\u00e1rio, o coment\u00e1rio e os seus metadados s\u00e3o conservados indefinidamente. Fazemos isso para que seja poss\u00edvel reconhecer e aprovar automaticamente qualquer coment\u00e1rio posterior ao inv\u00e9s de ret\u00ea-lo para modera\u00e7\u00e3o.<\/p>\r\n<p><!-- \/wp:paragraph -->\r\n\r\n<!-- wp:paragraph --><\/p>\r\n<p>Para usu\u00e1rios que se registram no nosso site (se houver), tamb\u00e9m guardamos as informa\u00e7\u00f5es pessoais que fornecem no seu perfil de usu\u00e1rio. Todos os usu\u00e1rios podem ver, editar ou excluir suas informa\u00e7\u00f5es pessoais a qualquer momento (s\u00f3 n\u00e3o \u00e9 poss\u00edvel alterar o seu username). Os administradores de sites tamb\u00e9m podem ver e editar estas informa\u00e7\u00f5es.<\/p>\r\n<p><!-- \/wp:paragraph -->\r\n\r\n<!-- wp:heading --><\/p>\r\n<h2 class=\"wp-block-heading\">Quais os seus direitos sobre seus dados<\/h2>\r\n<p><!-- \/wp:heading -->\r\n\r\n<!-- wp:paragraph --><\/p>\r\n<p>Se voc\u00ea tiver uma conta neste site ou se tiver deixado coment\u00e1rios, pode solicitar um arquivo exportado dos dados pessoais que mantemos sobre voc\u00ea, inclusive quaisquer dados que nos tenha fornecido. Tamb\u00e9m pode solicitar que removamos qualquer dado pessoal que mantemos sobre voc\u00ea. Isto n\u00e3o inclui nenhuns dados que somos obrigados a manter para prop\u00f3sitos administrativos, legais ou de seguran\u00e7a.<\/p>","protected":false},"excerpt":{"rendered":"<p>Quem somos O endere\u00e7o do nosso blog \u00e9: https:\/\/miltonmarchioli.com.br Coment\u00e1rios Quando os visitantes deixam coment\u00e1rios no site, coletamos os dados mostrados no formul\u00e1rio de coment\u00e1rios, al\u00e9m do endere\u00e7o de IP e de dados do navegador do visitante, para auxiliar na detec\u00e7\u00e3o de spam. Depois da aprova\u00e7\u00e3o do seu coment\u00e1rio, a foto do seu perfil fica &hellip; <a href=\"https:\/\/miltonmarchioli.com.br\/blog\/politica-de-privacidade\/\" class=\"more-link\">Continue lendo <span class=\"screen-reader-text\">POL\u00cdTICA DE PRIVACIDADE<\/span> <span class=\"meta-nav\">&rarr;<\/span><\/a><\/p>\n","protected":false},"author":2,"featured_media":0,"parent":0,"menu_order":0,"comment_status":"closed","ping_status":"closed","template":"","meta":{"rop_custom_images_group":[],"rop_custom_messages_group":[],"rop_publish_now":"initial","rop_publish_now_accounts":[],"rop_publish_now_history":[],"rop_publish_now_status":"pending","footnotes":""},"class_list":["post-14093","page","type-page","status-publish","hentry"],"_links":{"self":[{"href":"https:\/\/miltonmarchioli.com.br\/blog\/wp-json\/wp\/v2\/pages\/14093","targetHints":{"allow":["GET"]}}],"collection":[{"href":"https:\/\/miltonmarchioli.com.br\/blog\/wp-json\/wp\/v2\/pages"}],"about":[{"href":"https:\/\/miltonmarchioli.com.br\/blog\/wp-json\/wp\/v2\/types\/page"}],"author":[{"embeddable":true,"href":"https:\/\/miltonmarchioli.com.br\/blog\/wp-json\/wp\/v2\/users\/2"}],"replies":[{"embeddable":true,"href":"https:\/\/miltonmarchioli.com.br\/blog\/wp-json\/wp\/v2\/comments?post=14093"}],"version-history":[{"count":9,"href":"https:\/\/miltonmarchioli.com.br\/blog\/wp-json\/wp\/v2\/pages\/14093\/revisions"}],"predecessor-version":[{"id":14350,"href":"https:\/\/miltonmarchioli.com.br\/blog\/wp-json\/wp\/v2\/pages\/14093\/revisions\/14350"}],"wp:attachment":[{"href":"https:\/\/miltonmarchioli.com.br\/blog\/wp-json\/wp\/v2\/media?parent=14093"}],"curies":[{"name":"wp","href":"https:\/\/api.w.org\/{rel}","templated":true}]}}