{"id":14331,"date":"2026-03-30T18:47:42","date_gmt":"2026-03-30T21:47:42","guid":{"rendered":"https:\/\/miltonmarchioli.com.br\/blog\/?page_id=14331"},"modified":"2026-03-31T20:30:23","modified_gmt":"2026-03-31T23:30:23","slug":"visao","status":"publish","type":"page","link":"https:\/\/miltonmarchioli.com.br\/blog\/visao\/","title":{"rendered":"VIS\u00c3O"},"content":{"rendered":"<ul>\n<li>\n<h2>Defesa da dignidade da atua\u00e7\u00e3o m\u00e9dica\u00a0 em todos os cen\u00e1rios de atua\u00e7\u00e3o profissional a fim de promover uma rela\u00e7\u00e3o profissional entre m\u00e9dicos e usu\u00e1rios do SUS e operadores de sa\u00fade com humanismo, confian\u00e7a m\u00fatua, \u00e9tica m\u00e9dica e transpar\u00eancia.<\/h2>\n<\/li>\n<li>\n<h2><strong>Defesa da atua\u00e7\u00e3o profissional da advocacia almejando sempre o padr\u00e3o de excel\u00eancia com humanismo e \u00e9tica profissional.<\/strong><\/h2>\n<\/li>\n<\/ul>\n<p>&nbsp;<\/p>\n","protected":false},"excerpt":{"rendered":"<p>Defesa da dignidade da atua\u00e7\u00e3o m\u00e9dica\u00a0 em todos os cen\u00e1rios de atua\u00e7\u00e3o profissional a fim de promover uma rela\u00e7\u00e3o profissional entre m\u00e9dicos e usu\u00e1rios do SUS e operadores de sa\u00fade com humanismo, confian\u00e7a m\u00fatua, \u00e9tica m\u00e9dica e transpar\u00eancia. Defesa da atua\u00e7\u00e3o profissional da advocacia almejando sempre o padr\u00e3o de excel\u00eancia com humanismo e \u00e9tica profissional. &hellip; <a href=\"https:\/\/miltonmarchioli.com.br\/blog\/visao\/\" class=\"more-link\">Continue lendo <span class=\"screen-reader-text\">VIS\u00c3O<\/span> <span class=\"meta-nav\">&rarr;<\/span><\/a><\/p>\n","protected":false},"author":2,"featured_media":0,"parent":0,"menu_order":0,"comment_status":"closed","ping_status":"closed","template":"","meta":{"rop_custom_images_group":[],"rop_custom_messages_group":[],"rop_publish_now":"initial","rop_publish_now_accounts":[],"rop_publish_now_history":[],"rop_publish_now_status":"pending","footnotes":""},"class_list":["post-14331","page","type-page","status-publish","hentry"],"_links":{"self":[{"href":"https:\/\/miltonmarchioli.com.br\/blog\/wp-json\/wp\/v2\/pages\/14331","targetHints":{"allow":["GET"]}}],"collection":[{"href":"https:\/\/miltonmarchioli.com.br\/blog\/wp-json\/wp\/v2\/pages"}],"about":[{"href":"https:\/\/miltonmarchioli.com.br\/blog\/wp-json\/wp\/v2\/types\/page"}],"author":[{"embeddable":true,"href":"https:\/\/miltonmarchioli.com.br\/blog\/wp-json\/wp\/v2\/users\/2"}],"replies":[{"embeddable":true,"href":"https:\/\/miltonmarchioli.com.br\/blog\/wp-json\/wp\/v2\/comments?post=14331"}],"version-history":[{"count":3,"href":"https:\/\/miltonmarchioli.com.br\/blog\/wp-json\/wp\/v2\/pages\/14331\/revisions"}],"predecessor-version":[{"id":14354,"href":"https:\/\/miltonmarchioli.com.br\/blog\/wp-json\/wp\/v2\/pages\/14331\/revisions\/14354"}],"wp:attachment":[{"href":"https:\/\/miltonmarchioli.com.br\/blog\/wp-json\/wp\/v2\/media?parent=14331"}],"curies":[{"name":"wp","href":"https:\/\/api.w.org\/{rel}","templated":true}]}}