{"id":2,"date":"2010-11-19T18:40:32","date_gmt":"2010-11-19T18:40:32","guid":{"rendered":"http:\/\/miltonmarchioli.com.br\/blog\/?page_id=2"},"modified":"2026-03-31T20:10:29","modified_gmt":"2026-03-31T23:10:29","slug":"sobre","status":"publish","type":"page","link":"https:\/\/miltonmarchioli.com.br\/blog\/sobre\/","title":{"rendered":"QUEM SOU EU &#8211; ATIVIDADE PROFISSIONAL"},"content":{"rendered":"<h1><strong>QUEM SOU EU?<\/strong><\/h1>\r\n<p><a href=\"https:\/\/miltonmarchioli.com.br\/blog\/wp-content\/uploads\/FOTO-11.jpg\"><img loading=\"lazy\" decoding=\"async\" class=\"aligncenter size-full wp-image-14165\" src=\"https:\/\/miltonmarchioli.com.br\/blog\/wp-content\/uploads\/FOTO-11.jpg\" alt=\"\" width=\"1080\" height=\"1080\" srcset=\"https:\/\/miltonmarchioli.com.br\/blog\/wp-content\/uploads\/FOTO-11.jpg 1080w, https:\/\/miltonmarchioli.com.br\/blog\/wp-content\/uploads\/FOTO-11-300x300.jpg 300w, https:\/\/miltonmarchioli.com.br\/blog\/wp-content\/uploads\/FOTO-11-1024x1024.jpg 1024w, https:\/\/miltonmarchioli.com.br\/blog\/wp-content\/uploads\/FOTO-11-150x150.jpg 150w, https:\/\/miltonmarchioli.com.br\/blog\/wp-content\/uploads\/FOTO-11-768x768.jpg 768w\" sizes=\"auto, (max-width: 1080px) 100vw, 1080px\" \/><\/a><\/p>\r\n<p><span style=\"color: #767676; font-size: 19px; font-style: italic;\">Gradua\u00e7\u00e3o em Medicina pela Faculdade de Medicina de Mar\u00edlia (1988). <\/span><\/p>\r\n<p><span style=\"color: #767676; font-size: 19px; font-style: italic;\">Mestre em Medicina pela Universidade Estadual Paulista J\u00falio de Mesquita Filho &#8211; UNESP (1999). <\/span><\/p>\r\n<p><span style=\"color: #767676; font-size: 19px; font-style: italic;\">Doutor em Medicina pela Universidade Estadual Paulista J\u00falio de Mesquita Filho &#8211; UNESP (2003). <\/span><\/p>\r\n<p><span style=\"color: #767676; font-size: 19px; font-style: italic;\">Docente da Faculdade de Medicina da Universidade de Mar\u00edlia (UNIMAR) de 1998 a 2005 nas disciplinas de Semiologia M\u00e9dica e Nefrologia. <\/span><\/p>\r\n<p><span style=\"color: #767676; font-size: 19px; font-style: italic;\">Docente da Faculdade de Medicina de Mar\u00edlia (FAMEMA) desde 2006 na disciplina Educa\u00e7\u00e3o em Ci\u00eancias da Sa\u00fade. <\/span><\/p>\r\n<p><span style=\"color: #767676; font-size: 19px; font-style: italic;\">Docente na Universidade Estadual Paulista (UNESP) &#8211; 2014 a 2025- disciplina neurologia para os cursos de gradua\u00e7\u00e3o de fonoaudiologia e fisioterapia. <\/span><\/p>\r\n<p><span style=\"color: #767676; font-size: 19px; font-style: italic;\">MBA em Gest\u00e3o de Hospitais e Sistemas de Sa\u00fade 2007-2008 (UNIVEM). <\/span><\/p>\r\n<p><span style=\"color: #767676; font-size: 19px; font-style: italic;\">Bacharel em Direito pelo UNIVEM 2010-2014. Advogado no XVI Exame da OAB\/SP. <\/span><\/p>\r\n<p><span style=\"color: #767676; font-size: 19px; font-style: italic;\">Perito na Justi\u00e7a Federal de Mar\u00edlia &#8211; 11\u00aa Subse\u00e7\u00e3o Judici\u00e1ria de S\u00e3o Paulo de 2006 a 2024.<\/span><\/p>\r\n<p><span style=\"color: #767676; font-size: 19px; font-style: italic;\">Perito da Justi\u00e7a do Trabalho (TRT 15) de 2006 a 2016,<\/span><\/p>\r\n<p><span style=\"color: #767676; font-size: 19px; font-style: italic;\">Bacharel em Teologia.<\/span><\/p>\r\n<p><span style=\"color: #767676; font-size: 19px; font-style: italic;\">Data Protection Officer certificado pela Faculdade de Bras\u00edlia em 2024 (Lei Geral de Prote\u00e7\u00e3o de Dados). <\/span><\/p>\r\n<p><span style=\"color: #767676; font-size: 19px; font-style: italic;\">Presidente da Comiss\u00e3o de Direito M\u00e9dico \u2013 OAB\/SP (2017) Subse\u00e7\u00e3o Mar\u00edlia. <\/span><\/p>\r\n<p><span style=\"color: #767676; font-size: 19px; font-style: italic;\">Membro da Comiss\u00e3o de Direito M\u00e9dico (2022 a 2024).<\/span><\/p>\r\n<p><span style=\"color: #767676; font-size: 19px; font-style: italic;\">Membro da Comiss\u00e3o de Direito M\u00e9dico (2025). Vice-Presidente.<\/span><\/p>\r\n<p><span style=\"color: #767676; font-size: 19px; font-style: italic;\">Presidente da Comiss\u00e3o de Direito M\u00e9dico \u2013 OAB\/SP (2026) Subse\u00e7\u00e3o Mar\u00edlia.<\/span><\/p>\r\n<!-- \/wp:post-content -->\r\n\r\n<!-- wp:paragraph \/-->\r\n\r\n<!-- wp:quote -->\r\n<blockquote class=\"wp-block-quote\"><!-- wp:heading -->\r\n<h2 class=\"wp-block-heading\"><strong>ATIVIDADE PROFISSIONAL<\/strong><\/h2>\r\n<!-- \/wp:heading --><\/blockquote>\r\n<!-- \/wp:quote -->\r\n\r\n<!-- wp:paragraph -->\r\n<p>Doc\u00eancia na Universidade de Mar\u00edlia (UNIMAR) de 1998 a 2005.<\/p>\r\n<p>Doc\u00eancia na Faculdade Estadual de Medicina de Mar\u00edlia (FAMEMA) desde 2006.<\/p>\r\n<p>Doc\u00eancia na Universidade Estadual Paulista (2014 a 2025).<\/p>\r\n<p>Direito M\u00e9dico.<\/p>\r\n<p>Defesa em Sindic\u00e2ncia e Processo Administrativo de M\u00e9dicos nos \u00f3rg\u00e3os de classe e hospitais p\u00fablicos e ou ambulat\u00f3rios p\u00fablicos\u00a0 (CREMESP).<\/p>\r\n<p>Consultoria em Lei Geral de Prote\u00e7\u00e3o de Dados em Sa\u00fade &#8211; Lei 13.709\/2018<\/p>\r\n<!-- \/wp:paragraph -->\r\n\r\n<!-- wp:paragraph \/-->\r\n\r\n<!-- wp:paragraph -->\r\n<h3><strong><em>Localiza\u00e7\u00e3o do Escrit\u00f3rio de Advocacia<\/em><\/strong><\/h3>\r\n<p>Av. Pedro de Toledo, 1012.<br \/><br \/>CEP 17509-021<br \/>Mar\u00edlia\/SP<br \/><br \/>(14) 99703-9269<br \/><br \/>e-mail: professormiltonmarchioli@gmail.com<\/p>\r\n<p><a href=\"https:\/\/miltonmarchioli.com.br\/blog\/wp-content\/uploads\/FOTO-10.jpg\"><img loading=\"lazy\" decoding=\"async\" class=\"aligncenter size-full wp-image-14163\" src=\"https:\/\/miltonmarchioli.com.br\/blog\/wp-content\/uploads\/FOTO-10.jpg\" alt=\"\" width=\"1080\" height=\"1080\" srcset=\"https:\/\/miltonmarchioli.com.br\/blog\/wp-content\/uploads\/FOTO-10.jpg 1080w, https:\/\/miltonmarchioli.com.br\/blog\/wp-content\/uploads\/FOTO-10-300x300.jpg 300w, https:\/\/miltonmarchioli.com.br\/blog\/wp-content\/uploads\/FOTO-10-1024x1024.jpg 1024w, https:\/\/miltonmarchioli.com.br\/blog\/wp-content\/uploads\/FOTO-10-150x150.jpg 150w, https:\/\/miltonmarchioli.com.br\/blog\/wp-content\/uploads\/FOTO-10-768x768.jpg 768w\" sizes=\"auto, (max-width: 1080px) 100vw, 1080px\" \/><\/a><\/p>","protected":false},"excerpt":{"rendered":"<p>QUEM SOU EU? Gradua\u00e7\u00e3o em Medicina pela Faculdade de Medicina de Mar\u00edlia (1988). Mestre em Medicina pela Universidade Estadual Paulista J\u00falio de Mesquita Filho &#8211; UNESP (1999). Doutor em Medicina pela Universidade Estadual Paulista J\u00falio de Mesquita Filho &#8211; UNESP (2003). Docente da Faculdade de Medicina da Universidade de Mar\u00edlia (UNIMAR) de 1998 a 2005 &hellip; <a href=\"https:\/\/miltonmarchioli.com.br\/blog\/sobre\/\" class=\"more-link\">Continue lendo <span class=\"screen-reader-text\">QUEM SOU EU &#8211; ATIVIDADE PROFISSIONAL<\/span> <span class=\"meta-nav\">&rarr;<\/span><\/a><\/p>\n","protected":false},"author":2,"featured_media":0,"parent":0,"menu_order":0,"comment_status":"open","ping_status":"open","template":"","meta":{"rop_custom_images_group":[],"rop_custom_messages_group":[],"rop_publish_now":"initial","rop_publish_now_accounts":[],"rop_publish_now_history":[],"rop_publish_now_status":"pending","footnotes":""},"class_list":["post-2","page","type-page","status-publish","hentry"],"_links":{"self":[{"href":"https:\/\/miltonmarchioli.com.br\/blog\/wp-json\/wp\/v2\/pages\/2","targetHints":{"allow":["GET"]}}],"collection":[{"href":"https:\/\/miltonmarchioli.com.br\/blog\/wp-json\/wp\/v2\/pages"}],"about":[{"href":"https:\/\/miltonmarchioli.com.br\/blog\/wp-json\/wp\/v2\/types\/page"}],"author":[{"embeddable":true,"href":"https:\/\/miltonmarchioli.com.br\/blog\/wp-json\/wp\/v2\/users\/2"}],"replies":[{"embeddable":true,"href":"https:\/\/miltonmarchioli.com.br\/blog\/wp-json\/wp\/v2\/comments?post=2"}],"version-history":[{"count":27,"href":"https:\/\/miltonmarchioli.com.br\/blog\/wp-json\/wp\/v2\/pages\/2\/revisions"}],"predecessor-version":[{"id":14347,"href":"https:\/\/miltonmarchioli.com.br\/blog\/wp-json\/wp\/v2\/pages\/2\/revisions\/14347"}],"wp:attachment":[{"href":"https:\/\/miltonmarchioli.com.br\/blog\/wp-json\/wp\/v2\/media?parent=2"}],"curies":[{"name":"wp","href":"https:\/\/api.w.org\/{rel}","templated":true}]}}