{"id":8031,"date":"2015-02-10T10:23:43","date_gmt":"2015-02-10T12:23:43","guid":{"rendered":"http:\/\/miltonmarchioli.com.br\/blog\/?page_id=8031"},"modified":"2026-03-31T20:06:37","modified_gmt":"2026-03-31T23:06:37","slug":"condicoes-para-comentarios-no-blog","status":"publish","type":"page","link":"https:\/\/miltonmarchioli.com.br\/blog\/condicoes-para-comentarios-no-blog\/","title":{"rendered":"CONDI\u00c7\u00d5ES PARA COMENT\u00c1RIOS NO BLOG"},"content":{"rendered":"<p><strong>CONDI\u00c7\u00d5ES PARA COMENT\u00c1RIOS NO BLOG:<\/strong><br \/>\n&#8211; A se\u00e7\u00e3o de coment\u00e1rios do blog miltonmarchioli.com.br tem como objetivo promover o debate acerca dos assuntos tratados em cada post;<br \/>\n&#8211; O conte\u00fado de cada coment\u00e1rio \u00e9 de \u00fanica e exclusiva responsabilidade civil e penal do autor do mesmo;<br \/>\n&#8211; O blog miltonmarchioli.com.br n\u00e3o tem obriga\u00e7\u00e3o de publicar todos os coment\u00e1rios escritos pelos internautas;<br \/>\n&#8211; Ser\u00e3o exclu\u00eddos sumariamente coment\u00e1rios que contenham palavr\u00f5es, ofensas pessoais, palavras cortadas por caracteres ou escritos em outra l\u00edngua que n\u00e3o o portugu\u00eas e totalmente em mai\u00fascula.<\/p>\n<p><strong>OS COMENT\u00c1RIOS N\u00c3O DEVEM CONTER EM SEU CONTE\u00daDO OS SEGUINTES \u00cdTENS:<\/strong><br \/>\n&#8211; Divulga\u00e7\u00e3o de links e contas de redes sociais;<br \/>\n&#8211; Banners publicit\u00e1rios;<br \/>\n&#8211; Sites que fa\u00e7am vendas on-line;<br \/>\n&#8211; Material pornogr\u00e1fico ou racista;<br \/>\n&#8211; Incita\u00e7\u00e3o ao crime;<br \/>\n&#8211; Material pornogr\u00e1fico ou atividades ilegais incluindo menores de 18 anos (segundo o artigo 241 do Estatuto da Crian\u00e7a e do Adolescente);<br \/>\n&#8211; Propaganda pol\u00edtica para candidatos, partidos ou coliga\u00e7\u00f5es, bem como propaganda a respeito de seus \u00f3rg\u00e3os ou representantes;<br \/>\n&#8211; P\u00e1ginas e arquivos criptografados ou protegidos por senhas;<br \/>\n&#8211; Programas e arquivos que contenham v\u00edrus ou qualquer outro c\u00f3digo que ponha em risco \u00e0 seguran\u00e7a do blog.<\/p>\n<p><strong>SER\u00c3O VETADOS COMENT\u00c1RIOS QUE:<\/strong><br \/>\n&#8211; Ofere\u00e7am qualquer tipo de produto \u00e0 venda, an\u00fancios e patroc\u00ednios e inserir banners de qualquer tipo;<br \/>\n&#8211; Utilizem-se do servi\u00e7o, desvirtuando sua finalidade, com o intuito de cometer qualquer atividade il\u00edcita;<br \/>\n&#8211; Participem de atividades de concursos, pir\u00e2mides, correntes, lixo eletr\u00f4nico, spam ou quaisquer mensagens peri\u00f3dicas ou n\u00e3o-solicitadas (comerciais ou n\u00e3o);<br \/>\n&#8211; Publiquem, postem, carreguem, distribuam ou divulguem quaisquer t\u00f3picos, nomes, materiais ou informa\u00e7\u00f5es que incentivem a discrimina\u00e7\u00e3o, \u00f3dio ou viol\u00eancia com rela\u00e7\u00e3o a uma pessoa ou a um grupo de pessoas devido \u00e0 sua ra\u00e7a, religi\u00e3o ou nacionalidade;<br \/>\n&#8211; Os autores dos coment\u00e1rios n\u00e3o devem publicar material protegido por direitos autorais nem publicar fotos ou textos sem autoriza\u00e7\u00e3o do autor ou de seu representante legal. N\u00e3o devem tamb\u00e9m publicar fotos sem autoriza\u00e7\u00e3o dos fotografados e n\u00e3o devem distribuir arquivos de som sem autoriza\u00e7\u00e3o de pessoas ou empresas respons\u00e1veis;<br \/>\n&#8211; O usu\u00e1rio tem ci\u00eancia e concorda expressamente com a prerrogativa do blog miltonmarchioli.com.br de, a seu exclusivo crit\u00e9rio e independentemente de qualquer notifica\u00e7\u00e3o pr\u00e9via, restringir quaisquer conte\u00fados que violem ou que possam ser interpretados como violadores \u00e0s disposi\u00e7\u00f5es do presente instrumento, de direitos de terceiros ou \u00e0s normas morais, aos bons costumes e ao Marco Civil da Internet e LGPD;<br \/>\n&#8211; No caso de utiliza\u00e7\u00e3o indevida das informa\u00e7\u00f5es constantes nas p\u00e1ginas do blog miltonmarchioli.com.br ou dos coment\u00e1rios, o autor do coment\u00e1rio assumir\u00e1 todas as responsabilidades de car\u00e1ter civil e\/ou criminal.<br \/>\n&#8211; A qualquer tempo e de maneira unilateral, o blog miltonmarchioli.com.br poder\u00e1 cancelar a se\u00e7\u00e3o de coment\u00e1rios sem necessidade de nenhum aviso pr\u00e9vio aos internautas autores de coment\u00e1rios e\/ou a terceiros referidos nos coment\u00e1rios.<\/p>\n<p><strong>FORMA DE ACESSO AO COMENT\u00c1RIO:<\/strong><br \/>\n-O usu\u00e1rio dever\u00e1 fornecer informa\u00e7\u00f5es verdadeiras, exatas, atuais e completas sobre si mesmo quando realizar um coment\u00e1rio sendo vedado o anonimato ou perfis falsos;<br \/>\n&#8211; O blog miltonmarchioli.com.br registra o IP de todo internauta que se conecta ao painel de coment\u00e1rios. O registro \u00e9 feito para auxiliar nos casos em que se faz necess\u00e1ria a identifica\u00e7\u00e3o do autor de um coment\u00e1rio.<br \/>\n&#8211; O blog miltonmarchioli.com.br tem a prerrogativa de tirar qualquer coment\u00e1rio publicado.<\/p>\n<p>&nbsp;<\/p>\n","protected":false},"excerpt":{"rendered":"<p>CONDI\u00c7\u00d5ES PARA COMENT\u00c1RIOS NO BLOG: &#8211; A se\u00e7\u00e3o de coment\u00e1rios do blog miltonmarchioli.com.br tem como objetivo promover o debate acerca dos assuntos tratados em cada post; &#8211; O conte\u00fado de cada coment\u00e1rio \u00e9 de \u00fanica e exclusiva responsabilidade civil e penal do autor do mesmo; &#8211; O blog miltonmarchioli.com.br n\u00e3o tem obriga\u00e7\u00e3o de publicar todos &hellip; <a href=\"https:\/\/miltonmarchioli.com.br\/blog\/condicoes-para-comentarios-no-blog\/\" class=\"more-link\">Continue lendo <span class=\"screen-reader-text\">CONDI\u00c7\u00d5ES PARA COMENT\u00c1RIOS NO BLOG<\/span> <span class=\"meta-nav\">&rarr;<\/span><\/a><\/p>\n","protected":false},"author":2,"featured_media":0,"parent":0,"menu_order":0,"comment_status":"open","ping_status":"open","template":"","meta":{"rop_custom_images_group":[],"rop_custom_messages_group":[],"rop_publish_now":"initial","rop_publish_now_accounts":[],"rop_publish_now_history":[],"rop_publish_now_status":"pending","footnotes":""},"class_list":["post-8031","page","type-page","status-publish","hentry"],"_links":{"self":[{"href":"https:\/\/miltonmarchioli.com.br\/blog\/wp-json\/wp\/v2\/pages\/8031","targetHints":{"allow":["GET"]}}],"collection":[{"href":"https:\/\/miltonmarchioli.com.br\/blog\/wp-json\/wp\/v2\/pages"}],"about":[{"href":"https:\/\/miltonmarchioli.com.br\/blog\/wp-json\/wp\/v2\/types\/page"}],"author":[{"embeddable":true,"href":"https:\/\/miltonmarchioli.com.br\/blog\/wp-json\/wp\/v2\/users\/2"}],"replies":[{"embeddable":true,"href":"https:\/\/miltonmarchioli.com.br\/blog\/wp-json\/wp\/v2\/comments?post=8031"}],"version-history":[{"count":8,"href":"https:\/\/miltonmarchioli.com.br\/blog\/wp-json\/wp\/v2\/pages\/8031\/revisions"}],"predecessor-version":[{"id":14346,"href":"https:\/\/miltonmarchioli.com.br\/blog\/wp-json\/wp\/v2\/pages\/8031\/revisions\/14346"}],"wp:attachment":[{"href":"https:\/\/miltonmarchioli.com.br\/blog\/wp-json\/wp\/v2\/media?parent=8031"}],"curies":[{"name":"wp","href":"https:\/\/api.w.org\/{rel}","templated":true}]}}